{"id":8,"date":"2019-12-21T16:17:57","date_gmt":"2019-12-21T15:17:57","guid":{"rendered":"http:\/\/authentic-piscines.com\/?page_id=8"},"modified":"2022-12-31T16:03:42","modified_gmt":"2022-12-31T15:03:42","slug":"accueil","status":"publish","type":"page","link":"https:\/\/authentic-piscines.com\/","title":{"rendered":"Accueil"},"content":{"rendered":"\n<p>Parce que votre projet est unique, nous r\u00e9alisons ou r\u00e9novons  votre piscine selon vos envies.<br>R\u00e9aliser votre r\u00eave est notre mission et notre engagement quotidien<\/p>\n\n\n\n<figure class=\"wp-block-image size-large is-style-rounded\"><img loading=\"lazy\" decoding=\"async\" width=\"768\" height=\"1024\" src=\"https:\/\/authentic-piscines.com\/wp-content\/uploads\/2021\/12\/20210719_140304-768x1024.jpg\" alt=\"\" class=\"wp-image-160\" srcset=\"https:\/\/authentic-piscines.com\/wp-content\/uploads\/2021\/12\/20210719_140304-768x1024.jpg 768w, https:\/\/authentic-piscines.com\/wp-content\/uploads\/2021\/12\/20210719_140304-225x300.jpg 225w, https:\/\/authentic-piscines.com\/wp-content\/uploads\/2021\/12\/20210719_140304-1152x1536.jpg 1152w, https:\/\/authentic-piscines.com\/wp-content\/uploads\/2021\/12\/20210719_140304-1536x2048.jpg 1536w, https:\/\/authentic-piscines.com\/wp-content\/uploads\/2021\/12\/20210719_140304-scaled.jpg 1920w\" sizes=\"auto, (max-width: 767px) 89vw, (max-width: 1000px) 54vw, (max-width: 1071px) 543px, 580px\" \/><\/figure>\n","protected":false},"excerpt":{"rendered":"<p>Parce que votre projet est unique, nous r\u00e9alisons ou r\u00e9novons votre piscine selon vos envies.R\u00e9aliser votre r\u00eave est notre mission et notre engagement quotidien<\/p>\n","protected":false},"author":1,"featured_media":0,"parent":0,"menu_order":0,"comment_status":"closed","ping_status":"closed","template":"","meta":{"footnotes":""},"class_list":["post-8","page","type-page","status-publish","hentry"],"_links":{"self":[{"href":"https:\/\/authentic-piscines.com\/index.php\/wp-json\/wp\/v2\/pages\/8","targetHints":{"allow":["GET"]}}],"collection":[{"href":"https:\/\/authentic-piscines.com\/index.php\/wp-json\/wp\/v2\/pages"}],"about":[{"href":"https:\/\/authentic-piscines.com\/index.php\/wp-json\/wp\/v2\/types\/page"}],"author":[{"embeddable":true,"href":"https:\/\/authentic-piscines.com\/index.php\/wp-json\/wp\/v2\/users\/1"}],"replies":[{"embeddable":true,"href":"https:\/\/authentic-piscines.com\/index.php\/wp-json\/wp\/v2\/comments?post=8"}],"version-history":[{"count":14,"href":"https:\/\/authentic-piscines.com\/index.php\/wp-json\/wp\/v2\/pages\/8\/revisions"}],"predecessor-version":[{"id":167,"href":"https:\/\/authentic-piscines.com\/index.php\/wp-json\/wp\/v2\/pages\/8\/revisions\/167"}],"wp:attachment":[{"href":"https:\/\/authentic-piscines.com\/index.php\/wp-json\/wp\/v2\/media?parent=8"}],"curies":[{"name":"wp","href":"https:\/\/api.w.org\/{rel}","templated":true}]}}